{"id":2482,"date":"2025-11-12T14:40:54","date_gmt":"2025-11-12T14:40:54","guid":{"rendered":"https:\/\/bojola.it\/?page_id=2482"},"modified":"2026-04-03T15:07:49","modified_gmt":"2026-04-03T14:07:49","slug":"our-collections","status":"publish","type":"page","link":"https:\/\/bojola.it\/it\/our-collections\/","title":{"rendered":"Le Nostre Collezioni"},"content":{"rendered":"<div data-elementor-type=\"wp-page\" data-elementor-id=\"2482\" class=\"elementor elementor-2482\" data-elementor-post-type=\"page\">\n\t\t\t\t<div class=\"elementor-element elementor-element-ba20766 e-con-full e-flex qodef-elementor-content-no e-con e-parent\" data-id=\"ba20766\" data-element_type=\"container\" data-e-type=\"container\" data-settings=\"{&quot;background_background&quot;:&quot;video&quot;,&quot;background_play_on_mobile&quot;:&quot;yes&quot;,&quot;background_video_link&quot;:&quot;https:\\\/\\\/bojola.it\\\/wp-content\\\/uploads\\\/2025\\\/12\\\/production-ID_4455868.mp4&quot;}\">\n\t\t<div class=\"elementor-background-video-container\">\n\t\t\t\t\t\t\t<video class=\"elementor-background-video-hosted\" role=\"presentation\" autoplay muted playsinline loop><\/video>\n\t\t\t\t\t<\/div><div class=\"elementor-element elementor-element-f3d67e5 e-con-full e-flex qodef-elementor-content-no e-con e-child\" data-id=\"f3d67e5\" data-element_type=\"container\" data-e-type=\"container\">\n\t\t\t\t<div class=\"elementor-element elementor-element-eda2b6f elementor-widget elementor-widget-qi_addons_for_elementor_section_title\" data-id=\"eda2b6f\" data-element_type=\"widget\" data-e-type=\"widget\" data-widget_type=\"qi_addons_for_elementor_section_title.default\">\n\t\t\t\t<div class=\"elementor-widget-container\">\n\t\t\t\t\t<div class=\"qodef-shortcode qodef-m qodef-qi-section-title qodef-decoration--italic qodef-link--underline-draw qodef-subtitle-icon--left\">\n\t\t\t\t\t\t<h1 class=\"qodef-m-title\">\n\t\tLe Nostre Collezioni\t<\/h1>\n\t\t\t<\/div>\n\t\t\t\t<\/div>\n\t\t\t\t<\/div>\n\t\t\t\t<\/div>\n\t\t\t\t<\/div>\n\t\t\t\t<section class=\"elementor-section elementor-top-section elementor-element elementor-element-c131d81 elementor-section-full_width elementor-section-height-default elementor-section-height-default qodef-elementor-content-no\" data-id=\"c131d81\" data-element_type=\"section\" data-e-type=\"section\" data-settings=\"{&quot;background_background&quot;:&quot;classic&quot;}\">\n\t\t\t\t\t\t<div class=\"elementor-container elementor-column-gap-default\">\n\t\t\t\t\t<div class=\"elementor-column elementor-col-100 elementor-top-column elementor-element elementor-element-280d7b7 qodef-sticky-column--no\" data-id=\"280d7b7\" data-element_type=\"column\" data-e-type=\"column\">\n\t\t\t<div class=\"elementor-widget-wrap elementor-element-populated\">\n\t\t\t\t\t\t<div class=\"elementor-element elementor-element-b4b0b7a elementor-widget elementor-widget-qi_addons_for_elementor_section_title\" data-id=\"b4b0b7a\" data-element_type=\"widget\" data-e-type=\"widget\" data-widget_type=\"qi_addons_for_elementor_section_title.default\">\n\t\t\t\t<div class=\"elementor-widget-container\">\n\t\t\t\t\t<div class=\"qodef-shortcode qodef-m qodef-qi-section-title qodef-decoration--italic qodef-link--underline-draw qodef-subtitle-icon--left\">\n\t\t\t\t\t\t\t\t<div class=\"qodef-m-text\"><p>Dal 1906 lo stile casual ma sofisticato di Bojola si unisce alla bellezza e alla resistenza dei materiali di altissima qualit\u00e0, dando vita a creazioni di grande valore.\u00a0<\/p><p><span class=\"wysiwyg-font-size-20\">Questo \u00e8\u00a0<\/span><b><span class=\"wysiwyg-font-size-20\">Bojola<\/span><\/b>.<\/p><p>La nostra esperienza si concentra su tre linee di prodotto:\u00a0<\/p><p>la classica linea di selleria e pelle bovina, la solida linea in cotone rifinita in pelle e la linea casual in morbidissima pelle di vitello.<\/p><\/div>\n\t<\/div>\n\t\t\t\t<\/div>\n\t\t\t\t<\/div>\n\t\t\t\t\t<\/div>\n\t\t<\/div>\n\t\t\t\t\t<\/div>\n\t\t<\/section>\n\t\t\t\t<section class=\"elementor-section elementor-top-section elementor-element elementor-element-46388500 elementor-section-full_width elementor-section-height-default elementor-section-height-default qodef-elementor-content-no\" data-id=\"46388500\" data-element_type=\"section\" data-e-type=\"section\" data-settings=\"{&quot;background_background&quot;:&quot;classic&quot;}\">\n\t\t\t\t\t\t<div class=\"elementor-container elementor-column-gap-default\">\n\t\t\t\t\t<div class=\"elementor-column elementor-col-33 elementor-top-column elementor-element elementor-element-328f6782 qodef-sticky-column--no\" data-id=\"328f6782\" data-element_type=\"column\" data-e-type=\"column\">\n\t\t\t<div class=\"elementor-widget-wrap elementor-element-populated\">\n\t\t\t\t\t\t<div class=\"elementor-element elementor-element-76ceb64e elementor-widget elementor-widget-image\" data-id=\"76ceb64e\" data-element_type=\"widget\" data-e-type=\"widget\" data-widget_type=\"image.default\">\n\t\t\t\t\t\t\t\t\t\t\t\t\t\t\t\t<a href=\"https:\/\/bojola.it\/it\/tag-prodotto\/vacchetta-leather\/\">\n\t\t\t\t\t\t\t<img alt=\"\" fetchpriority=\"high\" decoding=\"async\" width=\"1024\" height=\"1024\" src=\"https:\/\/bojola.it\/wp-content\/uploads\/2025\/11\/98a8bb9b-82cb-4b08-8a81-d492ec4768ad-1024x1024.jpg\" class=\"attachment-large size-large wp-image-2389\" srcset=\"https:\/\/bojola.it\/wp-content\/uploads\/2025\/11\/98a8bb9b-82cb-4b08-8a81-d492ec4768ad-1024x1024.jpg 1024w, https:\/\/bojola.it\/wp-content\/uploads\/2025\/11\/98a8bb9b-82cb-4b08-8a81-d492ec4768ad-300x300.jpg 300w, https:\/\/bojola.it\/wp-content\/uploads\/2025\/11\/98a8bb9b-82cb-4b08-8a81-d492ec4768ad-150x150.jpg 150w, https:\/\/bojola.it\/wp-content\/uploads\/2025\/11\/98a8bb9b-82cb-4b08-8a81-d492ec4768ad-768x768.jpg 768w, https:\/\/bojola.it\/wp-content\/uploads\/2025\/11\/98a8bb9b-82cb-4b08-8a81-d492ec4768ad-650x650.jpg 650w, https:\/\/bojola.it\/wp-content\/uploads\/2025\/11\/98a8bb9b-82cb-4b08-8a81-d492ec4768ad-600x600.jpg 600w, https:\/\/bojola.it\/wp-content\/uploads\/2025\/11\/98a8bb9b-82cb-4b08-8a81-d492ec4768ad-100x100.jpg 100w, https:\/\/bojola.it\/wp-content\/uploads\/2025\/11\/98a8bb9b-82cb-4b08-8a81-d492ec4768ad.jpg 1039w\" sizes=\"(max-width: 1024px) 100vw, 1024px\" \/>\t\t\t\t\t\t\t\t<\/a>\n\t\t\t\t\t\t\t\t\t\t\t\t\t\t\t<\/div>\n\t\t\t\t<div class=\"elementor-element elementor-element-5ae86e1 elementor-widget elementor-widget-qi_addons_for_elementor_section_title\" data-id=\"5ae86e1\" data-element_type=\"widget\" data-e-type=\"widget\" data-widget_type=\"qi_addons_for_elementor_section_title.default\">\n\t\t\t\t<div class=\"elementor-widget-container\">\n\t\t\t\t\t<div class=\"qodef-shortcode qodef-m qodef-qi-section-title qodef-decoration--italic qodef-link--underline-draw qodef-subtitle-icon--left\">\n\t\t\t\t\t\t<h2 class=\"qodef-m-title\">\n\t\tLA VACCHETTA\t<\/h2>\n\t\t\t<div class=\"qodef-m-text\"><p>Questa pelle proviene da concerie toscane che utilizzano ancora i tradizionali sistemi di concia vegetale. La resistenza e l\u2019intensit\u00e0 del colore di questo tipo di pelle rimangono generalmente inalterate nel tempo, rendendo questi articoli dei classici senza tempo.<\/p><\/div>\n\t\t<div class=\"qodef-m-button qodef-qi-clear\">\n\t\t<a class=\"qodef-shortcode qodef-m qodef-qi-button qodef-html--link qodef-layout--filled qodef-type--standard qodef-icon--right qodef-hover--icon-move-horizontal-short\" href=\"https:\/\/bojola.it\/it\/tag-prodotto\/vacchetta-leather\/\" target=\"_self\">\t<span class=\"qodef-m-text\">Vedi Di Pi\u00f9<\/span>\t<\/a>\t<\/div>\n<\/div>\n\t\t\t\t<\/div>\n\t\t\t\t<\/div>\n\t\t\t\t\t<\/div>\n\t\t<\/div>\n\t\t\t\t<div class=\"elementor-column elementor-col-33 elementor-top-column elementor-element elementor-element-8c149e9 qodef-sticky-column--no\" data-id=\"8c149e9\" data-element_type=\"column\" data-e-type=\"column\">\n\t\t\t<div class=\"elementor-widget-wrap elementor-element-populated\">\n\t\t\t\t\t\t<div class=\"elementor-element elementor-element-2c356b14 elementor-widget elementor-widget-image\" data-id=\"2c356b14\" data-element_type=\"widget\" data-e-type=\"widget\" data-widget_type=\"image.default\">\n\t\t\t\t\t\t\t\t\t\t\t\t\t\t\t\t<a href=\"https:\/\/bojola.it\/it\/tag-prodotto\/cotton\/\">\n\t\t\t\t\t\t\t<img alt=\"\" decoding=\"async\" width=\"1024\" height=\"1024\" src=\"https:\/\/bojola.it\/wp-content\/uploads\/2025\/11\/fa287d2b-d1c4-4842-a56a-422f01853cfc-1024x1024.jpg\" class=\"attachment-large size-large wp-image-2402\" srcset=\"https:\/\/bojola.it\/wp-content\/uploads\/2025\/11\/fa287d2b-d1c4-4842-a56a-422f01853cfc-1024x1024.jpg 1024w, https:\/\/bojola.it\/wp-content\/uploads\/2025\/11\/fa287d2b-d1c4-4842-a56a-422f01853cfc-300x300.jpg 300w, https:\/\/bojola.it\/wp-content\/uploads\/2025\/11\/fa287d2b-d1c4-4842-a56a-422f01853cfc-150x150.jpg 150w, https:\/\/bojola.it\/wp-content\/uploads\/2025\/11\/fa287d2b-d1c4-4842-a56a-422f01853cfc-768x768.jpg 768w, https:\/\/bojola.it\/wp-content\/uploads\/2025\/11\/fa287d2b-d1c4-4842-a56a-422f01853cfc-650x650.jpg 650w, https:\/\/bojola.it\/wp-content\/uploads\/2025\/11\/fa287d2b-d1c4-4842-a56a-422f01853cfc-600x600.jpg 600w, https:\/\/bojola.it\/wp-content\/uploads\/2025\/11\/fa287d2b-d1c4-4842-a56a-422f01853cfc-100x100.jpg 100w, https:\/\/bojola.it\/wp-content\/uploads\/2025\/11\/fa287d2b-d1c4-4842-a56a-422f01853cfc.jpg 1039w\" sizes=\"(max-width: 1024px) 100vw, 1024px\" \/>\t\t\t\t\t\t\t\t<\/a>\n\t\t\t\t\t\t\t\t\t\t\t\t\t\t\t<\/div>\n\t\t\t\t<div class=\"elementor-element elementor-element-7c96b2c6 elementor-widget elementor-widget-qi_addons_for_elementor_section_title\" data-id=\"7c96b2c6\" data-element_type=\"widget\" data-e-type=\"widget\" data-widget_type=\"qi_addons_for_elementor_section_title.default\">\n\t\t\t\t<div class=\"elementor-widget-container\">\n\t\t\t\t\t<div class=\"qodef-shortcode qodef-m qodef-qi-section-title qodef-decoration--italic qodef-link--underline-draw qodef-subtitle-icon--left\">\n\t\t\t\t\t\t<h2 class=\"qodef-m-title\">\n\t\tI COTONI\t<\/h2>\n\t\t\t<div class=\"qodef-m-text\"><p>I prodotti Bojola realizzati in cotone e rifiniti in pelle rappresentano l\u2019essenza della solidit\u00e0 e della semplicit\u00e0. Linee di design pulite, intensit\u00e0 del colore e spessore del materiale vengono valorizzati per creare prodotti pensati per durare nel tempo.<\/p><\/div>\n\t\t<div class=\"qodef-m-button qodef-qi-clear\">\n\t\t<a class=\"qodef-shortcode qodef-m qodef-qi-button qodef-html--link qodef-layout--filled qodef-type--standard qodef-icon--right qodef-hover--icon-move-horizontal-short\" href=\"https:\/\/bojola.it\/it\/tag-prodotto\/cotton\/\" target=\"_self\">\t<span class=\"qodef-m-text\">Vedi Di Pi\u00f9<\/span>\t<\/a>\t<\/div>\n<\/div>\n\t\t\t\t<\/div>\n\t\t\t\t<\/div>\n\t\t\t\t\t<\/div>\n\t\t<\/div>\n\t\t\t\t<div class=\"elementor-column elementor-col-33 elementor-top-column elementor-element elementor-element-71a9d577 qodef-sticky-column--no\" data-id=\"71a9d577\" data-element_type=\"column\" data-e-type=\"column\">\n\t\t\t<div class=\"elementor-widget-wrap elementor-element-populated\">\n\t\t\t\t\t\t<div class=\"elementor-element elementor-element-51e1bfb8 elementor-widget elementor-widget-image\" data-id=\"51e1bfb8\" data-element_type=\"widget\" data-e-type=\"widget\" data-widget_type=\"image.default\">\n\t\t\t\t\t\t\t\t\t\t\t\t\t\t\t\t<a href=\"https:\/\/bojola.it\/it\/tag-prodotto\/soft-cow-leather\/\">\n\t\t\t\t\t\t\t<img alt=\"\" decoding=\"async\" width=\"1024\" height=\"1024\" src=\"https:\/\/bojola.it\/wp-content\/uploads\/2025\/11\/30011a0d-9ddf-432c-9992-93df7f764e42-1024x1024.jpg\" class=\"attachment-large size-large wp-image-2403\" srcset=\"https:\/\/bojola.it\/wp-content\/uploads\/2025\/11\/30011a0d-9ddf-432c-9992-93df7f764e42-1024x1024.jpg 1024w, https:\/\/bojola.it\/wp-content\/uploads\/2025\/11\/30011a0d-9ddf-432c-9992-93df7f764e42-300x300.jpg 300w, https:\/\/bojola.it\/wp-content\/uploads\/2025\/11\/30011a0d-9ddf-432c-9992-93df7f764e42-150x150.jpg 150w, https:\/\/bojola.it\/wp-content\/uploads\/2025\/11\/30011a0d-9ddf-432c-9992-93df7f764e42-768x768.jpg 768w, https:\/\/bojola.it\/wp-content\/uploads\/2025\/11\/30011a0d-9ddf-432c-9992-93df7f764e42-650x650.jpg 650w, https:\/\/bojola.it\/wp-content\/uploads\/2025\/11\/30011a0d-9ddf-432c-9992-93df7f764e42-600x600.jpg 600w, https:\/\/bojola.it\/wp-content\/uploads\/2025\/11\/30011a0d-9ddf-432c-9992-93df7f764e42-100x100.jpg 100w, https:\/\/bojola.it\/wp-content\/uploads\/2025\/11\/30011a0d-9ddf-432c-9992-93df7f764e42.jpg 1039w\" sizes=\"(max-width: 1024px) 100vw, 1024px\" \/>\t\t\t\t\t\t\t\t<\/a>\n\t\t\t\t\t\t\t\t\t\t\t\t\t\t\t<\/div>\n\t\t\t\t<div class=\"elementor-element elementor-element-d678d17 elementor-widget elementor-widget-qi_addons_for_elementor_section_title\" data-id=\"d678d17\" data-element_type=\"widget\" data-e-type=\"widget\" data-widget_type=\"qi_addons_for_elementor_section_title.default\">\n\t\t\t\t<div class=\"elementor-widget-container\">\n\t\t\t\t\t<div class=\"qodef-shortcode qodef-m qodef-qi-section-title qodef-decoration--italic qodef-link--underline-draw qodef-subtitle-icon--left\">\n\t\t\t\t\t\t<h2 class=\"qodef-m-title\">\n\t\tI VITELLI\t<\/h2>\n\t\t\t<div class=\"qodef-m-text\"><p>Questa linea di prodotti \u00e8 realizzata in pelle estremamente morbida e presenta uno stile casual ma al tempo stesso sofisticato.<\/p><p>Le creazioni di questa collezione si distinguono per le loro forme innovative e pratiche.<\/p><\/div>\n\t\t<div class=\"qodef-m-button qodef-qi-clear\">\n\t\t<a class=\"qodef-shortcode qodef-m qodef-qi-button qodef-html--link qodef-layout--filled qodef-type--standard qodef-icon--right qodef-hover--icon-move-horizontal-short\" href=\"https:\/\/bojola.it\/it\/tag-prodotto\/soft-cow-leather\/\" target=\"_self\">\t<span class=\"qodef-m-text\">Vedi Di Pi\u00f9<\/span>\t<\/a>\t<\/div>\n<\/div>\n\t\t\t\t<\/div>\n\t\t\t\t<\/div>\n\t\t\t\t\t<\/div>\n\t\t<\/div>\n\t\t\t\t\t<\/div>\n\t\t<\/section>\n\t\t\t\t<section class=\"elementor-section elementor-top-section elementor-element elementor-element-18533eb elementor-section-full_width elementor-section-height-default elementor-section-height-default qodef-elementor-content-no\" data-id=\"18533eb\" data-element_type=\"section\" data-e-type=\"section\" data-settings=\"{&quot;background_background&quot;:&quot;classic&quot;}\">\n\t\t\t\t\t\t<div class=\"elementor-container elementor-column-gap-default\">\n\t\t\t\t\t<div class=\"elementor-column elementor-col-50 elementor-top-column elementor-element elementor-element-2c7263f qodef-sticky-column--no\" data-id=\"2c7263f\" data-element_type=\"column\" data-e-type=\"column\">\n\t\t\t<div class=\"elementor-widget-wrap elementor-element-populated\">\n\t\t\t\t\t\t<div class=\"elementor-element elementor-element-0219726 elementor-widget elementor-widget-qi_addons_for_elementor_section_title\" data-id=\"0219726\" data-element_type=\"widget\" data-e-type=\"widget\" data-widget_type=\"qi_addons_for_elementor_section_title.default\">\n\t\t\t\t<div class=\"elementor-widget-container\">\n\t\t\t\t\t<div class=\"qodef-shortcode qodef-m qodef-qi-section-title qodef-decoration--italic qodef-link--underline-draw qodef-subtitle-icon--left\">\n\t\t\t<h1 class=\"qodef-m-title\">\n\t\tLe Nostre Creazioni\t<\/h1>\n\t\t\t\t\t\t<div class=\"qodef-m-text\">Vi invitiamo a esplorare la nostra galleria prodotti e a scoprire la collezione di articoli in pelle di alta qualit\u00e0. Visitate il nostro\u00a0<a style=\"color: #F2F2F2\" href=\"https:\/\/bojola.it\/en\/shop2\" target=\"_self\">shop online<\/a>\u00a0oppure venite a trovarci nel nostro storico negozio di Firenze, per ammirare da vicino le nostre creazioni e ricevere un\u2019assistenza personalizzata.<\/div>\n\t<\/div>\n\t\t\t\t<\/div>\n\t\t\t\t<\/div>\n\t\t\t\t<div class=\"elementor-element elementor-element-b873b12 elementor-widget-divider--view-line elementor-widget elementor-widget-divider\" data-id=\"b873b12\" data-element_type=\"widget\" data-e-type=\"widget\" data-widget_type=\"divider.default\">\n\t\t\t\t\t\t\t<div class=\"elementor-divider\">\n\t\t\t<span class=\"elementor-divider-separator\">\n\t\t\t\t\t\t<\/span>\n\t\t<\/div>\n\t\t\t\t\t\t<\/div>\n\t\t\t\t<div class=\"elementor-element elementor-element-bea9fc0 elementor-widget elementor-widget-text-editor\" data-id=\"bea9fc0\" data-element_type=\"widget\" data-e-type=\"widget\" data-widget_type=\"text-editor.default\">\n\t\t\t\t\t\t\t\t\t<p>\u201cLa creazione di cuoio di articoli di moda nel cuore di Firenze fin dal 1906.\u201d<\/p>\t\t\t\t\t\t\t\t<\/div>\n\t\t\t\t\t<\/div>\n\t\t<\/div>\n\t\t\t\t<div class=\"elementor-column elementor-col-50 elementor-top-column elementor-element elementor-element-fa87bdf qodef-sticky-column--no\" data-id=\"fa87bdf\" data-element_type=\"column\" data-e-type=\"column\" data-settings=\"{&quot;background_background&quot;:&quot;classic&quot;}\">\n\t\t\t<div class=\"elementor-widget-wrap elementor-element-populated\">\n\t\t\t\t\t\t<div class=\"elementor-element elementor-element-84ddf38 elementor-pagination-position-outside elementor-widget elementor-widget-image-carousel\" data-id=\"84ddf38\" data-element_type=\"widget\" data-e-type=\"widget\" data-settings=\"{&quot;slides_to_show&quot;:&quot;1&quot;,&quot;navigation&quot;:&quot;dots&quot;,&quot;autoplay&quot;:&quot;yes&quot;,&quot;pause_on_hover&quot;:&quot;yes&quot;,&quot;pause_on_interaction&quot;:&quot;yes&quot;,&quot;autoplay_speed&quot;:5000,&quot;infinite&quot;:&quot;yes&quot;,&quot;effect&quot;:&quot;slide&quot;,&quot;speed&quot;:500}\" data-widget_type=\"image-carousel.default\">\n\t\t\t\t\t\t\t<div class=\"elementor-image-carousel-wrapper swiper\" role=\"region\" aria-roledescription=\"carousel\" aria-label=\"Carosello d&#039;immagini\" dir=\"ltr\">\n\t\t\t<div class=\"elementor-image-carousel swiper-wrapper swiper-image-stretch\" aria-live=\"off\">\n\t\t\t\t\t\t\t\t<div class=\"swiper-slide\" role=\"group\" aria-roledescription=\"slide\" aria-label=\"1 di 5\" data-no-translation-aria-label=\"\"><figure class=\"swiper-slide-inner\"><img decoding=\"async\" class=\"swiper-slide-image\" src=\"https:\/\/bojola.it\/wp-content\/uploads\/2025\/10\/bojola-cat-borse-donna.png\" alt=\"bojola-cat-borse-donna\" \/><\/figure><\/div><div class=\"swiper-slide\" role=\"group\" aria-roledescription=\"slide\" aria-label=\"2 di 5\" data-no-translation-aria-label=\"\"><figure class=\"swiper-slide-inner\"><img decoding=\"async\" class=\"swiper-slide-image\" src=\"https:\/\/bojola.it\/wp-content\/uploads\/2025\/10\/bojola-cat-zaini.png\" alt=\"bojola-cat-zaini\" \/><\/figure><\/div><div class=\"swiper-slide\" role=\"group\" aria-roledescription=\"slide\" aria-label=\"3 di 5\" data-no-translation-aria-label=\"\"><figure class=\"swiper-slide-inner\"><img decoding=\"async\" class=\"swiper-slide-image\" src=\"https:\/\/bojola.it\/wp-content\/uploads\/2025\/10\/bojola-cat-cartelle.png\" alt=\"bojola-cat-cartelle\" \/><\/figure><\/div><div class=\"swiper-slide\" role=\"group\" aria-roledescription=\"slide\" aria-label=\"4 di 5\" data-no-translation-aria-label=\"\"><figure class=\"swiper-slide-inner\"><img decoding=\"async\" class=\"swiper-slide-image\" src=\"https:\/\/bojola.it\/wp-content\/uploads\/2025\/10\/bojola-portafogli-donna.png\" alt=\"bojola-portafogli-donna\" \/><\/figure><\/div><div class=\"swiper-slide\" role=\"group\" aria-roledescription=\"slide\" aria-label=\"5 di 5\" data-no-translation-aria-label=\"\"><figure class=\"swiper-slide-inner\"><img decoding=\"async\" class=\"swiper-slide-image\" src=\"https:\/\/bojola.it\/wp-content\/uploads\/2025\/10\/bojola-cat-accessori.png\" alt=\"bojola-cat-accessori\" \/><\/figure><\/div>\t\t\t<\/div>\n\t\t\t\t\t\t\t\n\t\t\t\t\t\t\t\t\t<div class=\"swiper-pagination\"><\/div>\n\t\t\t\t\t\t\t\t\t<\/div>\n\t\t\t\t\t\t<\/div>\n\t\t\t\t\t<\/div>\n\t\t<\/div>\n\t\t\t\t\t<\/div>\n\t\t<\/section>\n\t\t\t\t<\/div>","protected":false},"excerpt":{"rendered":"<p>Our Collections Since 1906 Bojola\u2019s casual yet sophisticated look blends with the beauty and resistance of the highest quality materials to create an end product of great value.\u00a0 That&#8217;s\u00a0Bojola. Our experience focuses on three product ranges:\u00a0 the classic saddlery and cowhide range, the steady leather-trimmed cotton range and the casual super soft calfskin goods. VACCHETTA [&hellip;]<\/p>\n","protected":false},"author":1,"featured_media":0,"parent":0,"menu_order":0,"comment_status":"closed","ping_status":"closed","template":"qi-full-width.php","meta":{"_seopress_robots_primary_cat":"","_seopress_titles_title":"Our Collections | Handmade Leather Florence | Bojola","_seopress_titles_desc":"Explore Bojola's collections of handmade leather goods \u2014 bags, briefcases, wallets and accessories, crafted by master artisans in Florence since 1906.","_seopress_robots_index":"","footnotes":""},"class_list":["post-2482","page","type-page","status-publish","hentry"],"_links":{"self":[{"href":"https:\/\/bojola.it\/it\/wp-json\/wp\/v2\/pages\/2482","targetHints":{"allow":["GET"]}}],"collection":[{"href":"https:\/\/bojola.it\/it\/wp-json\/wp\/v2\/pages"}],"about":[{"href":"https:\/\/bojola.it\/it\/wp-json\/wp\/v2\/types\/page"}],"author":[{"embeddable":true,"href":"https:\/\/bojola.it\/it\/wp-json\/wp\/v2\/users\/1"}],"replies":[{"embeddable":true,"href":"https:\/\/bojola.it\/it\/wp-json\/wp\/v2\/comments?post=2482"}],"version-history":[{"count":7,"href":"https:\/\/bojola.it\/it\/wp-json\/wp\/v2\/pages\/2482\/revisions"}],"predecessor-version":[{"id":12391,"href":"https:\/\/bojola.it\/it\/wp-json\/wp\/v2\/pages\/2482\/revisions\/12391"}],"wp:attachment":[{"href":"https:\/\/bojola.it\/it\/wp-json\/wp\/v2\/media?parent=2482"}],"curies":[{"name":"wp","href":"https:\/\/api.w.org\/{rel}","templated":true}]}}